{"id":546,"date":"2012-05-10T09:08:12","date_gmt":"2012-05-10T09:08:12","guid":{"rendered":"http:\/\/127.0.0.1\/slider\/?page_id=2"},"modified":"2024-09-20T10:16:44","modified_gmt":"2024-09-20T10:16:44","slug":"sample-page-2","status":"publish","type":"page","link":"http:\/\/www.wlounge.se\/?page_id=546","title":{"rendered":"Om oss"},"content":{"rendered":"<p><div class=\"one_half column\" style=\"float:;\"><\/p>\n<p>Till Wlounge kommer du som s\u00f6ker en helhet och vill ha ett merv\u00e4rde med ditt salongsbes\u00f6k. Hos oss st\u00e5r Du och Ditt h\u00e5r i fokus. Vi arbetar p\u00e5 ett kreativt och lyh\u00f6rt s\u00e4tt f\u00f6r att framh\u00e4va dig genom din personlighet och genom din stil.<\/p>\n<p>I en lyxig och harmonisk milj\u00f6 f\u00e5r du avnjuta din behandling med en god espresso och ett magasin i din smak. En trappa ner erbjuder vi en avskild schamponering d\u00e4r du f\u00e5r en stimulerande h\u00e5rbottenmassage i en av v\u00e5ra massagestolar. Vita stenv\u00e4ggar, levande ljus och avslappnande musik inger ett lugn och l\u00e5ter dig njuta och k\u00e4nna dig totalt avslappnad.<\/p>\n<p>Vi vill ge dig kunskap i h\u00e5rv\u00e5rd, hj\u00e4lpa dig att f\u00e5 den k\u00e4nsla och form du vill ha p\u00e5 ditt h\u00e5r och rekommenderar professionella produkter som passar ditt h\u00e5r och det liv som du lever!<\/p>\n<p>Visste du att vi \u00e4gs av Parfym.se? f\u00f6r att hitta \u00e4nnu mer h\u00e5rprodukter \u00e4n i salongen bes\u00f6k oss p\u00e5<a href=\"https:\/\/www.parfym.se\/\"> www.parfym.se<\/a><\/p>\n<p><strong><a href=\"https:\/\/bokning.voady.se\/wloungesthlm\">BOKA DIN TID H\u00c4R!<\/a><\/strong><\/p>\n<p><\/div><\/p>\n<p><div class=\"one_half column last\" style=\"float:;\"><br \/><section id=\"slider-861\" class=\"flexslider slider-861\"><ul class=\"slides\"><li class=\"slide\"><img decoding=\"async\" src=\"http:\/\/www.wlounge.se\/wp-content\/uploads\/2022\/04\/5959EF1A-C0F9-4106-8E7E-ABBF60E3A7C8_1_105_c-225x300.jpeg\" alt=\"space\" \/><div class=\"flex-caption\"><\/div><\/li><li class=\"slide\"><img decoding=\"async\" src=\"http:\/\/www.wlounge.se\/wp-content\/uploads\/2022\/04\/3A119C20-553E-4324-9D2B-3F253BC99145_1_105_c-225x300.jpeg\" alt=\"space\" \/><div class=\"flex-caption\"><\/div><\/li><li class=\"slide\"><img decoding=\"async\" src=\"http:\/\/www.wlounge.se\/wp-content\/uploads\/2022\/04\/90F37387-7EDA-401D-8A46-4EF5EA4601D7_1_105_c-225x300.jpeg\" alt=\"space\" \/><div class=\"flex-caption\"><\/div><\/li><li class=\"slide\"><img decoding=\"async\" src=\"http:\/\/www.wlounge.se\/wp-content\/uploads\/2022\/04\/FD7459A8-98A8-448F-88E2-AC97B9D18008_1_105_c-225x300.jpeg\" alt=\"space\" \/><div class=\"flex-caption\"><\/div><\/li><\/ul><\/section><br \/><\/div><div class=\"clearboth\"><\/div><\/p>\n<hr \/>\n<h2>SENASTE INSTAGRAM<\/h2>\n\n<p class=\"cifgw-error\">Error validating application<\/p>","protected":false},"excerpt":{"rendered":"<p>Till Wlounge kommer du som s\u00f6ker en helhet och vill ha ett merv\u00e4rde med ditt salongsbes\u00f6k. Hos oss st\u00e5r Du och Ditt h\u00e5r i fokus. Vi arbetar p\u00e5 ett kreativt och lyh\u00f6rt s\u00e4tt f\u00f6r att framh\u00e4va dig genom din personlighet och genom din stil. I en lyxig och harmonisk milj\u00f6 f\u00e5r du avnjuta din behandling&#8230;  <a href=\"http:\/\/www.wlounge.se\/?page_id=546\" title=\"Read Om oss\">Read more &raquo;<\/a><\/p>\n","protected":false},"author":1,"featured_media":0,"parent":0,"menu_order":1,"comment_status":"closed","ping_status":"closed","template":"template-page-fullwidth.php","meta":{"_monsterinsights_skip_tracking":false,"_monsterinsights_sitenote_active":false,"_monsterinsights_sitenote_note":"","_monsterinsights_sitenote_category":0,"footnotes":""},"class_list":["post-546","page","type-page","status-publish","hentry"],"_links":{"self":[{"href":"http:\/\/www.wlounge.se\/index.php?rest_route=\/wp\/v2\/pages\/546","targetHints":{"allow":["GET"]}}],"collection":[{"href":"http:\/\/www.wlounge.se\/index.php?rest_route=\/wp\/v2\/pages"}],"about":[{"href":"http:\/\/www.wlounge.se\/index.php?rest_route=\/wp\/v2\/types\/page"}],"author":[{"embeddable":true,"href":"http:\/\/www.wlounge.se\/index.php?rest_route=\/wp\/v2\/users\/1"}],"replies":[{"embeddable":true,"href":"http:\/\/www.wlounge.se\/index.php?rest_route=%2Fwp%2Fv2%2Fcomments&post=546"}],"version-history":[{"count":37,"href":"http:\/\/www.wlounge.se\/index.php?rest_route=\/wp\/v2\/pages\/546\/revisions"}],"predecessor-version":[{"id":1375,"href":"http:\/\/www.wlounge.se\/index.php?rest_route=\/wp\/v2\/pages\/546\/revisions\/1375"}],"wp:attachment":[{"href":"http:\/\/www.wlounge.se\/index.php?rest_route=%2Fwp%2Fv2%2Fmedia&parent=546"}],"curies":[{"name":"wp","href":"https:\/\/api.w.org\/{rel}","templated":true}]}}